{"id":1428,"date":"2022-05-03T22:43:49","date_gmt":"2022-05-03T22:43:49","guid":{"rendered":"https:\/\/suncompanygroup.com\/?page_id=1428"},"modified":"2023-06-11T19:18:32","modified_gmt":"2023-06-11T19:18:32","slug":"finans","status":"publish","type":"page","link":"https:\/\/suncompanygroup.com\/index.php\/tr\/anasayfa\/neler-yapiyoruz\/finans\/","title":{"rendered":"Finans"},"content":{"rendered":"<p><div class=\"fusion-fullwidth fullwidth-box fusion-builder-row-1 fusion-flex-container nonhundred-percent-fullwidth non-hundred-percent-height-scrolling\" style=\"background-color: var(--awb-color2);background-position: left top;background-repeat: no-repeat;border-width: 0px 0px 0px 0px;border-color:var(--awb-color3);border-style:solid;\" ><div class=\"fusion-builder-row fusion-row fusion-flex-align-items-center\" style=\"max-width:1310.4px;margin-left: calc(-4% \/ 2 );margin-right: calc(-4% \/ 2 );\"><div class=\"fusion-layout-column fusion_builder_column fusion-builder-column-0 fusion_builder_column_1_2 1_2 fusion-flex-column\"><div class=\"fusion-column-wrapper fusion-flex-justify-content-center fusion-content-layout-column\" style=\"background-position:left top;background-blend-mode: overlay;background-repeat:no-repeat;-webkit-background-size:cover;-moz-background-size:cover;-o-background-size:cover;background-size:cover;padding: 0px 0px 0px 0px;\"><style type=\"text\/css\">@media only screen and (max-width:1024px) {.fusion-title.fusion-title-1{margin-top:10px!important; margin-right:0px!important;margin-bottom:20px!important;margin-left:0px!important;}}@media only screen and (max-width:640px) {.fusion-title.fusion-title-1{margin-top:0px!important; margin-right:0px!important;margin-bottom:20px!important; margin-left:0px!important;}}<\/style><div class=\"fusion-title title fusion-title-1 fusion-sep-none fusion-title-text fusion-title-size-two\" style=\"margin-top:10px;margin-right:0px;margin-bottom:20px;margin-left:0px;\"><h2 class=\"title-heading-left fusion-responsive-typography-calculated\" style=\"margin:0;text-transform:capitalize;--fontSize:38;line-height:1.4;\">SCG Finans<\/h2><\/div><div class=\"fusion-separator fusion-full-width-sep\" style=\"align-self: center;margin-left: auto;margin-right: auto;margin-top:15px;width:100%;\"><\/div><div class=\"fusion-text fusion-text-1\" style=\"font-size:var(--awb-typography2-font-size);line-height:var(--awb-typography2-line-height);letter-spacing:var(--awb-typography2-letter-spacing);text-transform:var(--awb-typography2-text-transform);font-family:var(--awb-typography2-font-family);font-weight:var(--awb-typography2-font-weight);font-style:var(--awb-typography2-font-style);\"><p>K\u00fc\u00e7\u00fck ve b\u00fcy\u00fck t\u00fcm kurumlar\u0131n operasyon s\u00fcrecinin aksamadan s\u00fcrd\u00fcr\u00fclebilir k\u0131l\u0131nmas\u0131 ba\u015far\u0131l\u0131 finans y\u00f6netimi ile m\u00fcmk\u00fcnd\u00fcr. Ba\u015far\u0131l\u0131 finans y\u00f6netimi ise uzman deste\u011fi isteyen ve i\u00e7erisinde bir\u00e7ok de\u011fi\u015fkeni bar\u0131nd\u0131ran karma\u015f\u0131k bir s\u00fcre\u00e7tir.<\/p>\n<\/div><div class=\"fusion-separator fusion-full-width-sep\" style=\"align-self: center;margin-left: auto;margin-right: auto;margin-top:15px;width:100%;\"><\/div><div class=\"fusion-text fusion-text-2\"><p>Sun Company Group olarak Finansal dan\u0131\u015fmanl\u0131k hizmetimizle birlikte kaynaklar\u0131n\u0131z\u0131 en iyi \u015fekilde y\u00f6netebilecek stratejik bir plan olu\u015fturuyoruz. Gelir ve giderlerinizi dengede tutacak olas\u0131 riskleri en aza indirgeyecek bir finans y\u00f6netimiyle hedefledi\u011finiz kazan\u0131mlara ula\u015fmada riski en aza indirgiyoruz. Bu da, firman\u0131z\u0131n finans yap\u0131s\u0131n\u0131n g\u00fc\u00e7lenmesine ve dolay\u0131s\u0131yla operasyonlar\u0131n s\u00fcrd\u00fcr\u00fclebilir k\u0131l\u0131nmas\u0131na yard\u0131mc\u0131 olarak daha verimli bir i\u015fleyi\u015fe katk\u0131 sa\u011fl\u0131yor.<\/p>\n<p>Sa\u011flad\u0131\u011f\u0131m\u0131z profesyonel hizmetler, ulusal d\u00fczeyde sunuldu\u011fu gibi global d\u00fczeyde de sunularak \u00f6zellikle e-ihracat yat\u0131r\u0131mlar\u0131 konusunda \u00f6nemli destek paketlerini kapsamaktad\u0131r. B\u00f6ylelikle firman\u0131z global finans kaynaklar\u0131ndan finansman temin ederek bu finans kaynaklar\u0131n\u0131 da etkili bir \u015fekilde kullanabilir.<\/p>\n<\/div><\/div><style type=\"text\/css\">.fusion-body .fusion-builder-column-0{width:50% !important;margin-top : 30px;margin-bottom : 20px;}.fusion-builder-column-0 > .fusion-column-wrapper {padding-top : 0px !important;padding-right : 0px !important;margin-right : 8.64%;padding-bottom : 0px !important;padding-left : 0px !important;margin-left : 3.84%;}@media only screen and (max-width:1024px) {.fusion-body .fusion-builder-column-0{width:100% !important;}.fusion-builder-column-0 > .fusion-column-wrapper {margin-right : 1.92%;margin-left : 1.92%;}}@media only screen and (max-width:640px) {.fusion-body .fusion-builder-column-0{width:100% !important;}.fusion-builder-column-0 > .fusion-column-wrapper {margin-right : 1.92%;margin-left : 1.92%;}}<\/style><\/div><div class=\"fusion-layout-column fusion_builder_column fusion-builder-column-1 fusion_builder_column_1_2 1_2 fusion-flex-column fusion-flex-align-self-flex-end\"><div class=\"fusion-column-wrapper fusion-flex-justify-content-center fusion-content-layout-column\" style=\"background-position:left top;background-blend-mode: overlay;background-repeat:no-repeat;-webkit-background-size:cover;-moz-background-size:cover;-o-background-size:cover;background-size:cover;padding: 0px 0px 0px 0px;\"><div style=\"text-align:center;\"><span class=\" fusion-imageframe imageframe-none imageframe-1 hover-type-none\"><img width=\"800\" height=\"533\" title=\"SCG-Flag-PNG\" src=\"https:\/\/suncompanygroup.com\/wp-content\/uploads\/2022\/05\/SCG-Flag-PNG.png\" data-orig-src=\"http:\/\/suncompanygroup.com\/wp-content\/uploads\/2022\/05\/SCG-Flag-PNG.png\" alt class=\"lazyload img-responsive wp-image-1494\" srcset=\"data:image\/svg+xml,%3Csvg%20xmlns%3D%27http%3A%2F%2Fwww.w3.org%2F2000%2Fsvg%27%20width%3D%27800%27%20height%3D%27533%27%20viewBox%3D%270%200%20800%20533%27%3E%3Crect%20width%3D%27800%27%20height%3D%27533%27%20fill-opacity%3D%220%22%2F%3E%3C%2Fsvg%3E\" data-srcset=\"https:\/\/suncompanygroup.com\/wp-content\/uploads\/2022\/05\/SCG-Flag-PNG-200x133.png 200w, https:\/\/suncompanygroup.com\/wp-content\/uploads\/2022\/05\/SCG-Flag-PNG-400x267.png 400w, https:\/\/suncompanygroup.com\/wp-content\/uploads\/2022\/05\/SCG-Flag-PNG-600x400.png 600w, https:\/\/suncompanygroup.com\/wp-content\/uploads\/2022\/05\/SCG-Flag-PNG.png 800w\" data-sizes=\"auto\" data-orig-sizes=\"(max-width: 1024px) 100vw, (max-width: 640px) 100vw, 600px\" \/><\/span><\/div><div class=\"fusion-separator fusion-full-width-sep\" style=\"align-self: center;margin-left: auto;margin-right: auto;margin-top:30px;margin-bottom:30px;width:100%;\"><\/div><div class=\"fusion-text fusion-text-3\"><p>Uzman ekiplerimiz, ileriye d\u00f6n\u00fck \u00f6ng\u00f6r\u00fc ve tahminlerle kurumunuzun yat\u0131r\u0131mlar\u0131na yol g\u00f6sterici fikirler sunar. Finansal alandaki yenilikler, mevzuat de\u011fi\u015fiklikleri ve bunlar\u0131n getirdi\u011fi sonu\u00e7lar\u0131n kurumlara nas\u0131l yans\u0131d\u0131\u011f\u0131n\u0131 veya yans\u0131yaca\u011f\u0131na dair \u00e7al\u0131\u015fmalar\u0131 kurumunuzun ad\u0131na yerine getirir.<\/p>\n<\/div><\/div><style type=\"text\/css\">.fusion-body .fusion-builder-column-1{width:50% !important;margin-top : 30px;margin-bottom : 20px;}.fusion-builder-column-1 > .fusion-column-wrapper {padding-top : 0px !important;padding-right : 0px !important;margin-right : 3.84%;padding-bottom : 0px !important;padding-left : 0px !important;margin-left : 8.64%;}@media only screen and (max-width:1024px) {.fusion-body .fusion-builder-column-1{width:100% !important;order : 0;}.fusion-builder-column-1 > .fusion-column-wrapper {margin-right : 1.92%;margin-left : 1.92%;}}@media only screen and (max-width:640px) {.fusion-body .fusion-builder-column-1{width:100% !important;order : 0;}.fusion-builder-column-1 > .fusion-column-wrapper {margin-right : 1.92%;margin-left : 1.92%;}}<\/style><\/div><\/div><style type=\"text\/css\">.fusion-body .fusion-flex-container.fusion-builder-row-1{ padding-top : 80px;margin-top : 0px;padding-right : 0px;padding-bottom : 90px;margin-bottom : 0px;padding-left : 0px;}<\/style><\/div><div class=\"fusion-fullwidth fullwidth-box fusion-builder-row-2 fusion-flex-container fusion-parallax-none nonhundred-percent-fullwidth non-hundred-percent-height-scrolling lazyload\" style=\"background-color: hsla(var(--awb-color8-h),var(--awb-color8-s),calc( var(--awb-color8-l) - 13% ),calc( var(--awb-color8-a) - 40% ));background-position: center center;background-repeat: no-repeat;background-blend-mode: overlay;border-width: 0px 0px 0px 0px;border-color:var(--awb-color3);border-style:solid;-webkit-background-size:cover;-moz-background-size:cover;-o-background-size:cover;background-size:cover;\" data-bg=\"http:\/\/suncompanygroup.com\/wp-content\/uploads\/2017\/10\/CTA-seo-1.jpg\" ><div class=\"fusion-builder-row fusion-row fusion-flex-align-items-stretch fusion-flex-justify-content-center\" style=\"max-width:calc( 1260px + 0px );margin-left: calc(-0px \/ 2 );margin-right: calc(-0px \/ 2 );\"><div class=\"fusion-layout-column fusion_builder_column fusion-builder-column-2 fusion_builder_column_1_2 1_2 fusion-flex-column\"><div class=\"fusion-column-wrapper fusion-flex-justify-content-center fusion-content-layout-column\" style=\"background-position:left top;background-blend-mode: overlay;background-repeat:no-repeat;-webkit-background-size:cover;-moz-background-size:cover;-o-background-size:cover;background-size:cover;padding: 0px 0px 0px 0px;\"><style type=\"text\/css\">@media only screen and (max-width:1024px) {.fusion-title.fusion-title-2{margin-top:10px!important; margin-right:0px!important;margin-bottom:20px!important;margin-left:0px!important;}}@media only screen and (max-width:640px) {.fusion-title.fusion-title-2{margin-top:0px!important; margin-right:0px!important;margin-bottom:20px!important; margin-left:0px!important;}}<\/style><div class=\"fusion-title title fusion-title-2 fusion-sep-none fusion-title-center fusion-title-text fusion-title-size-two\" style=\"margin-top:10px;margin-right:0px;margin-bottom:20px;margin-left:0px;\"><h2 class=\"title-heading-center fusion-responsive-typography-calculated\" style=\"margin:0;text-transform:capitalize;color:var(--awb-color1);--fontSize:38;line-height:1.4;\">Hemen Bize Ula\u015f\u0131n<\/h2><\/div><div class=\"fusion-text fusion-text-4\" style=\"text-align:center;font-size:var(--awb-typography2-font-size);line-height:var(--awb-typography2-line-height);letter-spacing:var(--awb-typography2-letter-spacing);text-transform:var(--awb-typography2-text-transform);color:var(--awb-color1);font-family:var(--awb-typography2-font-family);font-weight:var(--awb-typography2-font-weight);font-style:var(--awb-typography2-font-style);\"><p style=\"text-align: center;\">SUN Company Group, uluslararas\u0131 grup \u015firketidir.<br \/>\nT\u00fcm Ofislerimizde sizi misafir etmekten memnuniyet duyar\u0131z.<\/p>\n<\/div><div class=\"fusion-separator fusion-full-width-sep\" style=\"align-self: center;margin-left: auto;margin-right: auto;margin-top:10px;width:100%;\"><\/div><div style=\"text-align:center;\"><style>.fusion-body .fusion-button.button-1{border-radius:25px 25px 25px 25px;}<\/style><a class=\"fusion-button button-flat fusion-button-default-size button-default button-1 fusion-button-default-span fusion-button-default-type\" target=\"_self\" href=\"https:\/\/suncompanygroup.com\/index.php\/bize-ulasin\/\"><span class=\"fusion-button-text\">Bize Ula\u015f\u0131n<\/span><\/a><\/div><\/div><style type=\"text\/css\">.fusion-body .fusion-builder-column-2{width:50% !important;margin-top : 40px;margin-bottom : 40px;}.fusion-builder-column-2 > .fusion-column-wrapper {padding-top : 0px !important;padding-right : 0px !important;margin-right : 0px;padding-bottom : 0px !important;padding-left : 0px !important;margin-left : 0px;}@media only screen and (max-width:1024px) {.fusion-body .fusion-builder-column-2{width:60% !important;}.fusion-builder-column-2 > .fusion-column-wrapper {margin-right : 0px;margin-left : 0px;}}@media only screen and (max-width:640px) {.fusion-body .fusion-builder-column-2{width:100% !important;}.fusion-builder-column-2 > .fusion-column-wrapper {margin-right : 0px;margin-left : 0px;}}<\/style><\/div><\/div><style type=\"text\/css\">.fusion-body .fusion-flex-container.fusion-builder-row-2{ padding-top : 5%;margin-top : 0px;padding-right : 0px;padding-bottom : 5%;margin-bottom : 0px;padding-left : 0px;}<\/style><\/div>\n<\/p>\n","protected":false},"excerpt":{"rendered":"","protected":false},"author":1,"featured_media":0,"parent":1426,"menu_order":4,"comment_status":"closed","ping_status":"closed","template":"100-width.php","meta":[],"_links":{"self":[{"href":"https:\/\/suncompanygroup.com\/index.php\/wp-json\/wp\/v2\/pages\/1428"}],"collection":[{"href":"https:\/\/suncompanygroup.com\/index.php\/wp-json\/wp\/v2\/pages"}],"about":[{"href":"https:\/\/suncompanygroup.com\/index.php\/wp-json\/wp\/v2\/types\/page"}],"author":[{"embeddable":true,"href":"https:\/\/suncompanygroup.com\/index.php\/wp-json\/wp\/v2\/users\/1"}],"replies":[{"embeddable":true,"href":"https:\/\/suncompanygroup.com\/index.php\/wp-json\/wp\/v2\/comments?post=1428"}],"version-history":[{"count":10,"href":"https:\/\/suncompanygroup.com\/index.php\/wp-json\/wp\/v2\/pages\/1428\/revisions"}],"predecessor-version":[{"id":1499,"href":"https:\/\/suncompanygroup.com\/index.php\/wp-json\/wp\/v2\/pages\/1428\/revisions\/1499"}],"up":[{"embeddable":true,"href":"https:\/\/suncompanygroup.com\/index.php\/wp-json\/wp\/v2\/pages\/1426"}],"wp:attachment":[{"href":"https:\/\/suncompanygroup.com\/index.php\/wp-json\/wp\/v2\/media?parent=1428"}],"curies":[{"name":"wp","href":"https:\/\/api.w.org\/{rel}","templated":true}]}}