{"id":1356,"date":"2022-05-03T14:30:16","date_gmt":"2022-05-03T14:30:16","guid":{"rendered":"https:\/\/suncompanygroup.com\/?page_id=1356"},"modified":"2023-06-11T18:54:57","modified_gmt":"2023-06-11T18:54:57","slug":"ikform","status":"publish","type":"page","link":"https:\/\/suncompanygroup.com\/index.php\/tr\/anasayfa\/insan-kaynaklari\/ikform\/","title":{"rendered":"\u0130\u015f Ba\u015fvuru Formu"},"content":{"rendered":"<div class=\"fusion-fullwidth fullwidth-box fusion-builder-row-1 fusion-flex-container fusion-parallax-none nonhundred-percent-fullwidth non-hundred-percent-height-scrolling lazyload\" style=\"background-color: rgba(255,255,255,0);background-position: center center;background-repeat: no-repeat;border-width: 0px 0px 0px 0px;border-color:var(--awb-color3);border-style:solid;-webkit-background-size:cover;-moz-background-size:cover;-o-background-size:cover;background-size:cover;\" data-bg=\"http:\/\/suncompanygroup.com\/wp-content\/uploads\/2017\/10\/background1.jpg\" ><div class=\"fusion-builder-row fusion-row fusion-flex-align-items-flex-start\" style=\"max-width:1310.4px;margin-left: calc(-4% \/ 2 );margin-right: calc(-4% \/ 2 );\"><div class=\"fusion-layout-column fusion_builder_column fusion-builder-column-0 fusion_builder_column_1_1 1_1 fusion-flex-column\"><div class=\"fusion-column-wrapper fusion-flex-justify-content-flex-start fusion-content-layout-column\" style=\"background-position:left top;background-repeat:no-repeat;-webkit-background-size:cover;-moz-background-size:cover;-o-background-size:cover;background-size:cover;padding: 0px 0px 0px 0px;\"><style>.fusion-form-form-wrapper .fusion-form-1355 .fusion-form-tooltip .fusion-form-tooltip-content{color:#ffffff !important;background-color:#333333 !important;border-color:#333333 !important;}<\/style><div class=\"fusion-form fusion-form-builder fusion-form-form-wrapper fusion-form-1355\" data-form-id=\"1355\" data-config=\"{&quot;form_id&quot;:&quot;1355&quot;,&quot;form_post_id&quot;:&quot;1355&quot;,&quot;post_id&quot;:1356,&quot;form_type&quot;:&quot;ajax&quot;,&quot;confirmation_type&quot;:&quot;message&quot;,&quot;redirect_url&quot;:&quot;&quot;,&quot;field_labels&quot;:{&quot;name&quot;:&quot;&quot;,&quot;email&quot;:&quot;&quot;,&quot;tel&quot;:&quot;&quot;,&quot;poz\\u0131syon&quot;:&quot;&quot;,&quot;message&quot;:&quot;&quot;,&quot;CV&quot;:&quot;&quot;},&quot;field_logics&quot;:{&quot;name&quot;:&quot;&quot;,&quot;email&quot;:&quot;&quot;,&quot;tel&quot;:&quot;&quot;,&quot;poz\\u0131syon&quot;:&quot;&quot;,&quot;message&quot;:&quot;&quot;,&quot;CV&quot;:&quot;&quot;},&quot;nonce_method&quot;:&quot;ajax&quot;}\"><form action=\"https:\/\/suncompanygroup.com\/index.php\/tr\/anasayfa\/insan-kaynaklari\/ikform\/\" method=\"post\" class=\"fusion-form fusion-form-1355\" enctype=\"multipart\/form-data\"><div class=\"fusion-fullwidth fullwidth-box fusion-builder-row-1-1 fusion-flex-container nonhundred-percent-fullwidth non-hundred-percent-height-scrolling\" style=\"background-color: rgba(255,255,255,0);background-position: center center;background-repeat: no-repeat;border-width: 0px 0px 0px 0px;border-color:var(--awb-color3);border-style:solid;\" ><div class=\"fusion-builder-row fusion-row fusion-flex-align-items-flex-start\" style=\"width:104% !important;max-width:104% !important;margin-left: calc(-4% \/ 2 );margin-right: calc(-4% \/ 2 );\"><div class=\"fusion-layout-column fusion_builder_column fusion-builder-column-1 fusion_builder_column_1_6 1_6 fusion-flex-column\"><div class=\"fusion-column-wrapper fusion-flex-justify-content-flex-start fusion-content-layout-column\" style=\"background-position:left top;background-repeat:no-repeat;-webkit-background-size:cover;-moz-background-size:cover;-o-background-size:cover;background-size:cover;padding: 0px 0px 0px 0px;\"><\/div><style type=\"text\/css\">.fusion-body .fusion-builder-column-1{width:16.666666666667% !important;margin-top : 0px;margin-bottom : 0px;}.fusion-builder-column-1 > .fusion-column-wrapper {padding-top : 0px !important;padding-right : 0px !important;margin-right : 11.52%;padding-bottom : 0px !important;padding-left : 0px !important;margin-left : 11.52%;}@media only screen and (max-width:1024px) {.fusion-body .fusion-builder-column-1{width:100% !important;order : 0;}.fusion-builder-column-1 > .fusion-column-wrapper {margin-right : 1.92%;margin-left : 1.92%;}}@media only screen and (max-width:640px) {.fusion-body .fusion-builder-column-1{width:100% !important;order : 0;}.fusion-builder-column-1 > .fusion-column-wrapper {margin-right : 1.92%;margin-left : 1.92%;}}<\/style><\/div><div class=\"fusion-layout-column fusion_builder_column fusion-builder-column-2 fusion_builder_column_2_3 2_3 fusion-flex-column\"><div class=\"fusion-column-wrapper fusion-flex-justify-content-flex-start fusion-content-layout-column\" style=\"background-position:left top;background-repeat:no-repeat;-webkit-background-size:cover;-moz-background-size:cover;-o-background-size:cover;background-size:cover;padding: 0px 0px 0px 0px;\"><div class=\"fusion-form-field fusion-form-text-field fusion-form-label-above\" data-form-id=\"1355\"><input type=\"text\" name=\"name\" id=\"name\" value=\"\"  class=\"fusion-form-input\" required=\"true\" aria-required=\"true\" placeholder=\"Ad\u0131n\u0131z Soyad\u0131n\u0131z*\" data-holds-private-data=\"false\" minlength=\"0\"\/><\/div><div class=\"fusion-form-field fusion-form-email-field fusion-form-label-above\" data-form-id=\"1355\"><input type=\"email\" name=\"email\" id=\"email\" value=\"\"  class=\"fusion-form-input\" required=\"true\" aria-required=\"true\" placeholder=\"Email*\" data-holds-private-data=\"false\"\/><\/div><div class=\"fusion-form-field fusion-form-email-field fusion-form-label-above\" data-form-id=\"1355\"><input type=\"email\" name=\"tel\" id=\"tel\" value=\"\"  class=\"fusion-form-input\" required=\"true\" aria-required=\"true\" placeholder=\"Telefon Numaran\u0131z*\" data-holds-private-data=\"false\"\/><\/div><div class=\"fusion-form-field fusion-form-text-field fusion-form-label-above\" data-form-id=\"1355\"><input type=\"text\" name=\"poz\u0131syon\" id=\"poz\u0131syon\" value=\"\"  class=\"fusion-form-input\" required=\"true\" aria-required=\"true\" placeholder=\"Ba\u015fvurdu\u011funuz Pozisyon*\" data-holds-private-data=\"false\" minlength=\"0\"\/><\/div><div class=\"fusion-form-field fusion-form-textarea-field fusion-form-label-above\" data-form-id=\"1355\"><textarea cols=\"40\"  minlength=\"0\"  rows=\"4\" tabindex=\"\" id=\"message\" name=\"message\" class=\"fusion-form-input\" required=\"true\" aria-required=\"true\" placeholder=\"K\u0131sa Olarak Kendinizi Tan\u0131t\u0131n\u0131z*\" data-holds-private-data=\"false\"><\/textarea><\/div><div class=\"fusion-form-field fusion-form-upload-field fusion-form-label-above\" data-form-id=\"1355\"><div class=\"fusion-form-input-with-icon\"><i class=\" fa-upload fas\"><\/i><div class=\"fusion-form-upload-field-container\"><input type=\"file\" id=\"CV\" name=\"CV[]\" value=\"\"  class=\"fusion-form-input\"accept=\".jpg,.doc,.docx,.xls,.xlsx,.pdf\" placeholder=\"CV&#039;nizi y\u00fcklemek i\u00e7in bir dosyay\u0131 bu alana s\u00fcr\u00fckleyin veya bilgisayar\u0131n\u0131zdan se\u00e7me i\u00e7in t\u0131klay\u0131n\u0131z. (.jpg,.doc,.docx,.xls,.xlsx,.pdf)\" data-size=\"2\" multiple\/><input type=\"text\" disabled value=\"\" class=\"fusion-form-upload-field\"  placeholder=\"CV&#039;nizi y\u00fcklemek i\u00e7in bir dosyay\u0131 bu alana s\u00fcr\u00fckleyin veya bilgisayar\u0131n\u0131zdan se\u00e7me i\u00e7in t\u0131klay\u0131n\u0131z. (.jpg,.doc,.docx,.xls,.xlsx,.pdf)\" data-holds-private-data=\"false\"\/><div ><style>.fusion-body .fusion-button.button-1{border-radius:0px 0px 0px 0px;}<\/style><a class=\"fusion-button button-flat button-medium button-default button-1 fusion-button-default-span fusion-button-default-type fusion-form-upload-field-button\" target=\"_self\" href=\"javascript:void();\"><span class=\"fusion-button-text\">Choose File<\/span><\/a><\/div><\/div><\/div><\/div><div class=\"fusion-form-field fusion-form-recaptcha-field fusion-form-label-above\" data-form-id=\"1355\">\t\t\t\t\t\t\t\t\t<div class=\"form-creator-recaptcha\" >\n\t\t\t\t\t\t\t\t\t\t\t\t\t\t\t\t\t\t\t\t<div\n\t\t\t\t\t\t\t\tid=\"g-recaptcha-1\"\n\t\t\t\t\t\t\t\tclass=\"fusion-form-recaptcha-v3 recaptcha-container \"\n\t\t\t\t\t\t\t\tdata-sitekey=\"6LeFW8QfAAAAACfl-nd3OG7CAgUrKQI3BWje6eTX\"\n\t\t\t\t\t\t\t\tdata-badge=\"inline\">\n\t\t\t\t\t\t\t<\/div>\n\t\t\t\t\t\t\t<input\n\t\t\t\t\t\t\t\ttype=\"hidden\"\n\t\t\t\t\t\t\t\tname=\"fusion-form-recaptcha-response\"\n\t\t\t\t\t\t\t\tclass=\"g-recaptcha-response\"\n\t\t\t\t\t\t\t\tid=\"fusion-form-recaptcha-response-1\"\n\t\t\t\t\t\t\t\tvalue=\"\">\n\t\t\t\t\t\t\t\t\t\t\t<\/div>\n\t\t\t\t\t\t\t\t<\/div><div class=\"fusion-form-field fusion-form-submit-field fusion-form-label-above\" data-form-id=\"1355\"><div ><style>.fusion-body .fusion-button.button-2{border-radius:25px 25px 25px 25px;}<\/style><button type=\"submit\" class=\"fusion-button button-flat fusion-button-default-size button-default button-2 fusion-button-default-span  form-form-submit button-default\" data-form-number=\"1355\" style=\"margin-bottom:30px;\" tabindex=\"\"><span class=\"fusion-button-text\">Contact Us<\/span><\/button><\/div><\/div><div class=\"form-submission-notices\" id=\"fusion-notices-1\"><div class=\"fusion-alert alert success alert-success fusion-alert-center fusion-form-response fusion-form-response-success fusion-alert-capitalize alert-dismissable\" role=\"alert\" style=\"background-color:hsla(calc(var(--awb-color5-h) + 95),calc(var(--awb-color5-s) - 40%),calc(var(--awb-color5-l) - 5%),calc(var(--awb-color5-a) + 100%));color:var(--awb-color1);border-color:var(--awb-color1);border-width:1px;\"><div class=\"fusion-alert-content-wrapper\"><span class=\"alert-icon\"><i class=\"awb-icon-check-circle\" aria-hidden=\"true\"><\/i><\/span><span class=\"fusion-alert-content\">Ba\u015fvurunuz al\u0131nm\u0131\u015ft\u0131r, de\u011ferlendirmeler yap\u0131larak size d\u00f6n\u00fc\u015f yap\u0131lacakt\u0131r.<\/span><\/div><button type=\"button\" class=\"close toggle-alert\" data-dismiss=\"alert\" aria-label=\"Close\">&times;<\/button><\/div><div class=\"fusion-alert alert error alert-danger fusion-alert-center fusion-form-response fusion-form-response-error fusion-alert-capitalize alert-dismissable\" role=\"alert\" style=\"background-color:hsla(calc(var(--awb-color6-h) + 100),calc(var(--awb-color6-s) + 5%),calc(var(--awb-color6-l) - 20%),calc(var(--awb-color6-a) + 100%));color:var(--awb-color1);border-color:var(--awb-color1);border-width:1px;\"><div class=\"fusion-alert-content-wrapper\"><span class=\"alert-icon\"><i class=\"awb-icon-exclamation-triangle\" aria-hidden=\"true\"><\/i><\/span><span class=\"fusion-alert-content\">Bir\u015feyler yanl\u0131\u015f gitti, tekrar deneyin e\u011fer hata almaya devam ediyorsan\u0131z bize mail ile ileti\u015fime ge\u00e7in. scg@suncompanygroup.com<\/span><\/div><button type=\"button\" class=\"close toggle-alert\" data-dismiss=\"alert\" aria-label=\"Close\">&times;<\/button><\/div><\/div><\/div><style type=\"text\/css\">.fusion-body .fusion-builder-column-2{width:66.666666666667% !important;margin-top : 0px;margin-bottom : 0px;}.fusion-builder-column-2 > .fusion-column-wrapper {padding-top : 0px !important;padding-right : 0px !important;margin-right : 2.88%;padding-bottom : 0px !important;padding-left : 0px !important;margin-left : 2.88%;}@media only screen and (max-width:1024px) {.fusion-body .fusion-builder-column-2{width:100% !important;order : 0;}.fusion-builder-column-2 > .fusion-column-wrapper {margin-right : 1.92%;margin-left : 1.92%;}}@media only screen and (max-width:640px) {.fusion-body .fusion-builder-column-2{width:100% !important;order : 0;}.fusion-builder-column-2 > .fusion-column-wrapper {margin-right : 1.92%;margin-left : 1.92%;}}<\/style><\/div><div class=\"fusion-layout-column fusion_builder_column fusion-builder-column-3 fusion_builder_column_1_6 1_6 fusion-flex-column\"><div class=\"fusion-column-wrapper fusion-flex-justify-content-flex-start fusion-content-layout-column\" style=\"background-position:left top;background-repeat:no-repeat;-webkit-background-size:cover;-moz-background-size:cover;-o-background-size:cover;background-size:cover;padding: 0px 0px 0px 0px;\"><\/div><style type=\"text\/css\">.fusion-body .fusion-builder-column-3{width:16.666666666667% !important;margin-top : 0px;margin-bottom : 0px;}.fusion-builder-column-3 > .fusion-column-wrapper {padding-top : 0px !important;padding-right : 0px !important;margin-right : 11.52%;padding-bottom : 0px !important;padding-left : 0px !important;margin-left : 11.52%;}@media only screen and (max-width:1024px) {.fusion-body .fusion-builder-column-3{width:100% !important;order : 0;}.fusion-builder-column-3 > .fusion-column-wrapper {margin-right : 1.92%;margin-left : 1.92%;}}@media only screen and (max-width:640px) {.fusion-body .fusion-builder-column-3{width:100% !important;order : 0;}.fusion-builder-column-3 > .fusion-column-wrapper {margin-right : 1.92%;margin-left : 1.92%;}}<\/style><\/div><\/div><style type=\"text\/css\">.fusion-body .fusion-flex-container.fusion-builder-row-1-1{ padding-top : 0px;margin-top : 0px;padding-right : 0px;padding-bottom : 0px;margin-bottom : 0px;padding-left : 0px;}<\/style><\/div><input type=\"hidden\" name=\"fusion_privacy_store_ip_ua\" value=\"false\"><input type=\"hidden\" name=\"fusion_privacy_expiration_interval\" value=\"48\"><input type=\"hidden\" name=\"privacy_expiration_action\" value=\"anonymize\"><\/form><\/div><\/div><style type=\"text\/css\">.fusion-body .fusion-builder-column-0{width:100% !important;margin-top : 0px;margin-bottom : 20px;}.fusion-builder-column-0 > .fusion-column-wrapper {padding-top : 0px !important;padding-right : 0px !important;margin-right : 1.92%;padding-bottom : 0px !important;padding-left : 0px !important;margin-left : 1.92%;}@media only screen and (max-width:1024px) {.fusion-body .fusion-builder-column-0{width:100% !important;order : 0;}.fusion-builder-column-0 > .fusion-column-wrapper {margin-right : 1.92%;margin-left : 1.92%;}}@media only screen and (max-width:640px) {.fusion-body .fusion-builder-column-0{width:100% !important;order : 0;}.fusion-builder-column-0 > .fusion-column-wrapper {margin-right : 1.92%;margin-left : 1.92%;}}<\/style><\/div><\/div><style type=\"text\/css\">.fusion-body .fusion-flex-container.fusion-builder-row-1{ padding-top : 100px;margin-top : -55px;padding-right : 0px;padding-bottom : 90px;margin-bottom : 0px;padding-left : 0px;}<\/style><\/div>\n","protected":false},"excerpt":{"rendered":"","protected":false},"author":1,"featured_media":0,"parent":1339,"menu_order":0,"comment_status":"closed","ping_status":"closed","template":"100-width.php","meta":[],"_links":{"self":[{"href":"https:\/\/suncompanygroup.com\/index.php\/wp-json\/wp\/v2\/pages\/1356"}],"collection":[{"href":"https:\/\/suncompanygroup.com\/index.php\/wp-json\/wp\/v2\/pages"}],"about":[{"href":"https:\/\/suncompanygroup.com\/index.php\/wp-json\/wp\/v2\/types\/page"}],"author":[{"embeddable":true,"href":"https:\/\/suncompanygroup.com\/index.php\/wp-json\/wp\/v2\/users\/1"}],"replies":[{"embeddable":true,"href":"https:\/\/suncompanygroup.com\/index.php\/wp-json\/wp\/v2\/comments?post=1356"}],"version-history":[{"count":12,"href":"https:\/\/suncompanygroup.com\/index.php\/wp-json\/wp\/v2\/pages\/1356\/revisions"}],"predecessor-version":[{"id":1588,"href":"https:\/\/suncompanygroup.com\/index.php\/wp-json\/wp\/v2\/pages\/1356\/revisions\/1588"}],"up":[{"embeddable":true,"href":"https:\/\/suncompanygroup.com\/index.php\/wp-json\/wp\/v2\/pages\/1339"}],"wp:attachment":[{"href":"https:\/\/suncompanygroup.com\/index.php\/wp-json\/wp\/v2\/media?parent=1356"}],"curies":[{"name":"wp","href":"https:\/\/api.w.org\/{rel}","templated":true}]}}